{"id":95,"date":"2025-11-30T23:35:45","date_gmt":"2025-11-30T23:35:45","guid":{"rendered":"https:\/\/ybkzpau.cluster121.hosting.ovh.net\/?page_id=95"},"modified":"2026-03-04T19:02:02","modified_gmt":"2026-03-04T19:02:02","slug":"chi-nei-tsang-massage-du-ventre","status":"publish","type":"page","link":"https:\/\/www.energies-et-moi.fr\/index.php\/chi-nei-tsang-massage-du-ventre\/","title":{"rendered":"Chi Nei Tsang &#8211; Massage du ventre"},"content":{"rendered":"\n<h2 class=\"wp-block-heading\">Chi Nei Tsang &#8211; Massage du ventre<\/h2>\n\n\n\n<h3 class=\"wp-block-heading\"><strong>Le Massage 3 D (physique, \u00e9motionnel, \u00e9nerg\u00e9tique)<\/strong><\/h3>\n\n\n\n<p><strong>Signification du nom&nbsp;:<\/strong> Chi Nei Tsang signifie litt\u00e9ralement \u00ab&nbsp;travailler l&#8217;\u00e9nergie des organes internes&nbsp;\u00bb<\/p>\n\n\n\n<p><strong>Origine&nbsp;:<\/strong> Chine. Massage utilis\u00e9 parles moines Tao\u00efstes afin d&#8217;aider leurs organismes \u00e0 se d\u00e9toxiquer, leur garantissant ainsi une bonne sant\u00e9 et un haut niveau \u00e9nerg\u00e9tique, tous deux n\u00e9cessaires \u00e0 la pratique de leur spiritualit\u00e9.<br><br><strong>Fonctionnement&nbsp;:<\/strong> Massage visc\u00e9ral \u00e0 travers l&#8217;abdomen.Votre ventre \u00e9tant \u00e9galement le si\u00e8ge de vos \u00e9motions, en relan\u00e7ant l&#8217;\u00e9nergie dans chacun des organes qu&#8217;il contient (foie, rate\/pancr\u00e9as, estomac, v\u00e9sicule biliaire, gros intestin, intestin gr\u00eale), vous allez non seulement vous d\u00e9toxifier physiquement (action sur les toxines), mais \u00e9galement \u00e9motionnellement (action sur les \u00e9motions non dig\u00e9r\u00e9es).<br>Le chi repr\u00e9sente l&#8217;\u00e9nergie vitale invisible qui circule en nous par des canaux, \u00e9galement appel\u00e9s m\u00e9ridiens. Un bon chi circule correctement, un mauvais chi stagne. Le Chi Nei Tsang est l\u00e0 pour faire circuler votre chi.<\/p>\n\n\n\n<p>Si vous recherchez une fa\u00e7on d\u00e9licieusement relaxante de vous d\u00e9barrasser du stress, de revitaliser votre corps et de vous sentir plus l\u00e9g\u00e8re et plus lumineuse, le massage Chi Nei Tsang pourrait bien \u00eatre votre nouvel alli\u00e9 d\u00e9tox ! Vous vous sentirez tellement bien que vous vous demanderez pourquoi vous ne l&#8217;avez pas essay\u00e9 plus t\u00f4t&nbsp;!<\/p>\n\n\n\n<p><strong>Le saviez-vous&nbsp;?<\/strong><br>La M\u00e9decine Chinoise Traditionnelle a \u00e9tabli un lien entre nos \u00e9motions n\u00e9gatives et leurs impacts, sur nos organes.<br>Ainsi, la peur va affaiblir vos reins&nbsp;; le stress va affaiblir votre c\u0153ur et votre cerveau&nbsp;; l&#8217;inqui\u00e9tude va affaiblir votre estomac&nbsp;; le chagrin va affaiblir vos poumons et la col\u00e8re va affaiblir votre foie.<\/p>\n\n\n\n<p><strong>Le Chi Nei Tsang est conseill\u00e9 en cas de :<\/strong><br><br>* D\u00e9sordres digestifs (ventre dur, ballonnements, gaz, constipation, diarrh\u00e9es, intol\u00e9rances alimentaires, acidit\u00e9, \u2026)<br>* Sympt\u00f4mes pr\u00e9menstruels et de m\u00e9nopause<br>* Insomnie, surmenage, stress, angoisse, \u00e9puisement<br>* Lassitude, Fatigue chronique<br>* Respiration bloqu\u00e9e<br>* Surpoids, r\u00e9tention d&#8217;eau<br>* Pr\u00e9paration d&#8217;un jeune ou reprise alimentaire<br>* Col\u00e8re, sentiments de frustration<br>* Tristesse, deuil<br>* Mauvais ancrage<br>* Perte d&#8217;\u00e9nergie<br>* Probl\u00e8mes bas du dos (lombalgies, sciatiques, raideurs dorsales\u2026)<br>* Mauvaise gestion des \u00e9motions<\/p>\n\n\n\n<p><strong>Le Chi Nei Tsang peut aider \u00e0&nbsp;:<\/strong><br><br>\u2022 Renforcer l\u2019immunit\u00e9<br>\u2022 Harmoniser les \u00e9motions<br>\u2022 R\u00e9duire le stress et l\u2019anxi\u00e9t\u00e9<br>\u2022 Lutter contre la fatigue g\u00e9n\u00e9rale et chronique<br>\u2022 Stimuler le syst\u00e8me circulatoire et lymphatique<br>\u2022 Soulager les troubles intestinaux<br>\u2022 Am\u00e9liorer le transit intestinal<br>\u2022 Am\u00e9liorer la respiration<br>\u2022 R\u00e9\u00e9quilibrer les \u00e9nergies<\/p>\n\n\n\n<p><strong>Tarif&nbsp;:<\/strong> <strong>80 <\/strong>\u20ac la s\u00e9ance individuelle d&#8217;<strong>1 h 30<\/strong> incluant la<a href=\"https:\/\/energies-et-moi.fr\/blog-la-moxibustion-ombilicale\/\">moxibustion ombilicale<\/a> (facilit\u00e9 de paiement possible)<br>puis <strong>60 \u20ac <\/strong>les suivantes (d&#8217;<strong>1 h<\/strong>). Facilit\u00e9s de paiement<br><br><strong>Fr\u00e9quence :<\/strong><br>Pour un travail en profondeur, 3 massages sont recommand\u00e9s, espac\u00e9s d&#8217;une semaine chacun. (facilit\u00e9 de paiement)<br>Ces s\u00e9ances vont permettre d&#8217;aller travailler sur les tensions les plus anciennes, les plus profondes.&nbsp;<br>Ensuite, pour un entretien qualitatif, un massage aux changements de saisons est conseill\u00e9, soit une fois par trimestre. &nbsp;<\/p>\n\n\n\n<p><em>Calendrier des Saisons en M\u00e9decine Chinoise <\/em>(compos\u00e9 de 4 saisons) + 4 intersaisons&nbsp;<br>Printemps : 3 f\u00e9vrier 2025 au 15 avril 2025 &#8211; Organe et visc\u00e8re associ\u00e9s&nbsp;: Foie \u2013 V\u00e9sicule biliaire (+ Rate)<br>\u00c9t\u00e9 : 4 mai 2025 au 18 juillet 2025 &#8211; Organe et visc\u00e8re associ\u00e9s : C\u0153ur \u2013 Intestin gr\u00eale (+ Rate)<br>Automne : 7 ao\u00fbt 2025 au 20 octobre 2025 &#8211; Organe et visc\u00e8re associ\u00e9s : Poumon \u2013 Gros intestin (+ Rate)<br>Hiver :&nbsp; 7 novembre 2025 au 15 janvier 2026 &#8211; Organe et visc\u00e8re associ\u00e9s :&nbsp;Rein \u2013 Vessie (+ Rate)<\/p>\n\n\n\n<p><strong>Effets secondaires possibles&nbsp;:<\/strong><br>Remont\u00e9e d&#8217;\u00e9motions (des larmes aux rires !), fatigue, gargouillis dans le ventre, flatulences, \u00e9ruption cutan\u00e9e, diarrh\u00e9e de nettoyage, maux de t\u00eate, \u2026<br><br><strong>Contre-indications :<\/strong><br>Fi\u00e8vre<br>Cancers, lymphome<br>Maladie infectieuse &amp; inflammation aigu\u00eb (maladie de Crohn, RCH, gastroent\u00e9rite, sigmo\u00efdite, ulc\u00e8re&#8230;)<br>An\u00e9vrisme<br>Thrombose (caillots de sang) \u2013 an\u00e9vrisme (personne sujet aux AVC)<br>Vaccination de moins de 3 semaines \u2013 Op\u00e9ration r\u00e9cente (moins de 3 mois)<br>Femme enceinte \/ Accouchement attendre 6 mois<br>Hernie hiatale ou inguinale ou ombilicale<br>Schizophr\u00e9nie, Bipolarit\u00e9<br>Calculs biliaires ou r\u00e9naux, occlusion intestinale<br>Descente d&#8217;organes<br>Pose d&#8217;un anneau gastrique, gastrectomie<br>Crise h\u00e9patique<br>Appendicite r\u00e9cente<br>Pacemaker<br>Affections de la peau<br>\u0152d\u00e8mes<br>Blessures ouvertes<br>Traitement anticoagulant ou prise d&#8217;antid\u00e9presseurs<\/p>\n\n\n\n<p><em>En aucun cas, vous ne devez arr\u00eater ou modifier un traitement m\u00e9dical en cours sans l&#8217;avis de votre m\u00e9decin.<\/em><\/p>\n\n\n\n<p><\/p>\n","protected":false},"excerpt":{"rendered":"<p>Chi Nei Tsang &#8211; Massage du ventre Le Massage 3 D (physique, \u00e9motionnel, \u00e9nerg\u00e9tique) Signification du nom&nbsp;: Chi Nei Tsang signifie litt\u00e9ralement \u00ab&nbsp;travailler l&#8217;\u00e9nergie des organes internes&nbsp;\u00bb Origine&nbsp;: Chine. Massage utilis\u00e9 parles moines Tao\u00efstes afin d&#8217;aider leurs organismes \u00e0 se d\u00e9toxiquer, leur garantissant ainsi une bonne sant\u00e9 et un haut niveau \u00e9nerg\u00e9tique, tous deux n\u00e9cessaires&hellip;&nbsp;<a href=\"https:\/\/www.energies-et-moi.fr\/index.php\/chi-nei-tsang-massage-du-ventre\/\" rel=\"bookmark\"><span class=\"screen-reader-text\">Chi Nei Tsang &#8211; Massage du ventre<\/span><\/a><\/p>\n","protected":false},"author":1,"featured_media":0,"parent":0,"menu_order":0,"comment_status":"closed","ping_status":"closed","template":"","meta":{"neve_meta_sidebar":"","neve_meta_container":"","neve_meta_enable_content_width":"","neve_meta_content_width":0,"neve_meta_title_alignment":"","neve_meta_author_avatar":"","neve_post_elements_order":"","neve_meta_disable_header":"","neve_meta_disable_footer":"","neve_meta_disable_title":"","footnotes":""},"class_list":["post-95","page","type-page","status-publish","hentry"],"_links":{"self":[{"href":"https:\/\/www.energies-et-moi.fr\/index.php\/wp-json\/wp\/v2\/pages\/95","targetHints":{"allow":["GET"]}}],"collection":[{"href":"https:\/\/www.energies-et-moi.fr\/index.php\/wp-json\/wp\/v2\/pages"}],"about":[{"href":"https:\/\/www.energies-et-moi.fr\/index.php\/wp-json\/wp\/v2\/types\/page"}],"author":[{"embeddable":true,"href":"https:\/\/www.energies-et-moi.fr\/index.php\/wp-json\/wp\/v2\/users\/1"}],"replies":[{"embeddable":true,"href":"https:\/\/www.energies-et-moi.fr\/index.php\/wp-json\/wp\/v2\/comments?post=95"}],"version-history":[{"count":3,"href":"https:\/\/www.energies-et-moi.fr\/index.php\/wp-json\/wp\/v2\/pages\/95\/revisions"}],"predecessor-version":[{"id":362,"href":"https:\/\/www.energies-et-moi.fr\/index.php\/wp-json\/wp\/v2\/pages\/95\/revisions\/362"}],"wp:attachment":[{"href":"https:\/\/www.energies-et-moi.fr\/index.php\/wp-json\/wp\/v2\/media?parent=95"}],"curies":[{"name":"wp","href":"https:\/\/api.w.org\/{rel}","templated":true}]}}