{"id":84,"date":"2025-11-30T23:19:47","date_gmt":"2025-11-30T23:19:47","guid":{"rendered":"https:\/\/ybkzpau.cluster121.hosting.ovh.net\/?page_id=84"},"modified":"2026-03-04T19:04:12","modified_gmt":"2026-03-04T19:04:12","slug":"massage-amincissant-cure-bbc","status":"publish","type":"page","link":"https:\/\/www.energies-et-moi.fr\/index.php\/massage-amincissant-cure-bbc\/","title":{"rendered":"Massage amincissant &#8211; Cure BBC"},"content":{"rendered":"\n<h2 class=\"wp-block-heading\"><strong>Cure Bye Bye* Capitons<br>massage amincissant : une solution naturelle et cibl\u00e9e contre la cellulite<\/strong><br><strong>(* = au revoir)<\/strong><\/h2>\n\n\n\n<p><strong>100 % manuel, pens\u00e9 pour des r\u00e9sultats visibles tout en respectant votre corps.<\/strong> D\u00e9couvrez notre <strong>massage amincissant<\/strong>, une m\u00e9thode <strong>douce, naturelle et cibl\u00e9e pour lisser, raffermir et redessiner votre silhouette.<\/strong><\/p>\n\n\n\n<h3 class=\"wp-block-heading\"><br><strong>Une technique experte et personnalis\u00e9e<\/strong><\/h3>\n\n\n\n<p>Notre massage amincissant associe plusieurs techniques compl\u00e9mentaires, dont entre autres :<\/p>\n\n\n\n<ul class=\"wp-block-list\">\n<li><strong>Le palper-rouler manuel<\/strong> doux, respectueux des fascias pour \u00e9viter les micro-traumatismes tout en mobilisant efficacement les tissus sous-cutan\u00e9s<br>\u2192 d\u00e9colle les amas graisseux sans agresser la peau.<\/li>\n\n\n\n<li><strong>Des m\u00e9thodes drainantes<\/strong>, pour favoriser l\u2019\u00e9limination des toxines et d\u00e9congestionner les zones engorg\u00e9es.<br>\u2192 \u00e9limine les toxines et la r\u00e9tention d\u2019eau.<\/li>\n\n\n\n<li><strong>Des p\u00e9trissages profonds<\/strong>, pour casser les amas graisseux et relancer la micro-circulation.<br>\u2192 relancent la circulation, tonifient et raffermissent<\/li>\n\n\n\n<li><strong>Des percussions toniques<\/strong>, pour stimuler la tonicit\u00e9 musculaire et la fermet\u00e9 de la peau.<br>\u2192 stimule la fabrication de collag\u00e8ne<\/li>\n<\/ul>\n\n\n\n<p>Chaque geste est ma\u00eetris\u00e9, pens\u00e9 pour <strong>travailler en profondeur sans douleur<\/strong>, et surtout <strong>en respectant vos fascias.<\/strong><\/p>\n\n\n\n<p><strong>(Les fascias sont des fines membranes souples qui entourent et relient tous les muscles, os, organes et nerfs du corps. On peut les imaginer comme un film plastique \u00e0 l\u2019int\u00e9rieur du corps, qui maintient tout en place et permet aux diff\u00e9rentes parties de bouger ensemble)<\/strong><\/p>\n\n\n\n<h3 class=\"wp-block-heading\">Zones cibl\u00e9es &amp; r\u00e9sultats visibles<\/h3>\n\n\n\n<p>Fesses, ventre, bras ou jambes : vous choisissez <strong>la zone qui vous complexe<\/strong>, nous vous aidons \u00e0 la transformer.<br>\u2714 Cellulite adipeuse ? On d\u00e9stocke !<br>\u2714 Cellulite fibreuse ? On d\u00e9compacte !<br>Pour la cellulite aqueuse, privil\u00e9giez le <strong><a href=\"https:\/\/energies-et-moi.fr\/drainage-lymphatique-manuel-detox\/\">drainage lymphatique manuel<\/a><\/strong><a href=\"https:\/\/energies-et-moi.fr\/drainage-lymphatique-manuel-detox\/\">, ici<\/a><\/p>\n\n\n\n<h3 class=\"wp-block-heading\"><br>Avant\/Apr\u00e8s<\/h3>\n\n\n\n<p>Voici les r\u00e9sultats sur 3 zones diff\u00e9rentes apr\u00e8s 10 s\u00e9ances. Merci \u00e0 mes clientes d&#8217;avoir accept\u00e9 la diffusion de ces photos.<\/p>\n\n\n\n<p><em>BRAS<\/em><br><\/p>\n\n\n\n<figure class=\"wp-block-image size-full is-resized\"><img loading=\"lazy\" decoding=\"async\" width=\"325\" height=\"431\" src=\"https:\/\/ybkzpau.cluster121.hosting.ovh.net\/wp-content\/uploads\/2025\/11\/bbc-bras.jpg\" alt=\"\" class=\"wp-image-85\" style=\"width:206px;height:auto\" srcset=\"https:\/\/www.energies-et-moi.fr\/wp-content\/uploads\/2025\/11\/bbc-bras.jpg 325w, https:\/\/www.energies-et-moi.fr\/wp-content\/uploads\/2025\/11\/bbc-bras-226x300.jpg 226w\" sizes=\"auto, (max-width: 325px) 100vw, 325px\" \/><\/figure>\n\n\n\n<p><em>CUISSE<\/em><\/p>\n\n\n\n<figure class=\"wp-block-image size-full is-resized\"><img loading=\"lazy\" decoding=\"async\" width=\"291\" height=\"393\" src=\"https:\/\/ybkzpau.cluster121.hosting.ovh.net\/wp-content\/uploads\/2025\/11\/bbc-legs.jpg\" alt=\"\" class=\"wp-image-86\" style=\"width:221px;height:auto\" srcset=\"https:\/\/www.energies-et-moi.fr\/wp-content\/uploads\/2025\/11\/bbc-legs.jpg 291w, https:\/\/www.energies-et-moi.fr\/wp-content\/uploads\/2025\/11\/bbc-legs-222x300.jpg 222w\" sizes=\"auto, (max-width: 291px) 100vw, 291px\" \/><\/figure>\n\n\n\n<p><em>VENTRE<\/em><\/p>\n\n\n\n<figure class=\"wp-block-image size-full is-resized\"><img loading=\"lazy\" decoding=\"async\" width=\"304\" height=\"403\" src=\"https:\/\/ybkzpau.cluster121.hosting.ovh.net\/wp-content\/uploads\/2025\/11\/bbc-ventre.jpg\" alt=\"\" class=\"wp-image-87\" style=\"width:207px;height:auto\" srcset=\"https:\/\/www.energies-et-moi.fr\/wp-content\/uploads\/2025\/11\/bbc-ventre.jpg 304w, https:\/\/www.energies-et-moi.fr\/wp-content\/uploads\/2025\/11\/bbc-ventre-226x300.jpg 226w\" sizes=\"auto, (max-width: 304px) 100vw, 304px\" \/><\/figure>\n\n\n\n<p>La peau est de partout magnifi\u00e9e. Liss\u00e9e, galb\u00e9e, comme r\u00e9g\u00e9n\u00e9r\u00e9e, pleine de vie de couleurs, de peps.<\/p>\n\n\n\n<p>Et on perd des centim\u00e8tres&nbsp;? Oui. Mais, comme on le r\u00e9p\u00e8tera jamais assez, le massage c&#8217;est bien mais il doit \u00eatre accompagn\u00e9, en parall\u00e8le, d&#8217;une bonne hygi\u00e8ne alimentaire, et d&#8217;une activit\u00e9 physique (sport, jardinage&#8230;) pour des r\u00e9sultats scotchants&nbsp;et surtout p\u00e9rennes.<\/p>\n\n\n\n<p>En toute honn\u00eatet\u00e9, la prise de mesure est difficile \u00e0 effectuer&nbsp;! Comment \u00eatre s\u00fbre \u00e0 100 % de poser le ruban m\u00e9trique pile poil au centim\u00e8tre pr\u00e8s d&#8217;o\u00f9 nous l&#8217;avions plac\u00e9 5 semaines auparavant? Une micro crispation d&#8217;un bras, d&#8217;une cuisse, ou le ventre qui fluctue naturellement selon le moment de la journ\u00e9e&#8230; Mais oui, il y a bien des centim\u00e8tres en moins pour chaque cliente test\u00e9e (de 1 \u00e0 3 cms).<\/p>\n\n\n\n<h3 class=\"wp-block-heading\"><br><strong>Une cure sur mesure : 10 s\u00e9ances pour des r\u00e9sultats visibles<\/strong><\/h3>\n\n\n\n<p>Nous vous proposons un <strong>abonnement de 10 s\u00e9ances<\/strong>, con\u00e7u pour une action progressive, durable et adapt\u00e9e \u00e0 votre type de cellulite : votre peau sera plus lisse, votre silhouette affin\u00e9e.<\/p>\n\n\n\n<ul class=\"wp-block-list\">\n<li><strong>Cellulite adipeuse<\/strong> (due \u00e0 un exc\u00e8s de graisse) : le massage aide \u00e0 d\u00e9stocker les graisses localis\u00e9es.<\/li>\n\n\n\n<li><strong>Cellulite fibreuse<\/strong> (dure et ancienne) : les man\u0153uvres manuelles permettent de d\u00e9compacter les tissus.<\/li>\n\n\n\n<li>Pour la <strong>cellulite aqueuse<\/strong> (due \u00e0 la r\u00e9tention d\u2019eau), nous recommandons plut\u00f4t notre <strong><a href=\"https:\/\/energies-et-moi.fr\/drainage-lymphatique-manuel-detox\/\">drainage lymphatique manuel<\/a><\/strong>, vous trouverez toutes les infos le concernant sur notre page qui lui est d\u00e9di\u00e9e ici<\/li>\n<\/ul>\n\n\n\n<p><strong>APPORTEZ votre produit minceur&nbsp;! Vous utilisez d\u00e9j\u00e0 une cr\u00e8me anti-cellulite ou une huile&nbsp;? Alors, n&#8217;h\u00e9sitez pas \u00e0 l&#8217;apporter en s\u00e9ance, si vous voulez que je vous masse avec&nbsp;!<br>Afin de limiter les sources d&#8217;allerg\u00e8nes, je travaille avec une huile de massage \u00e0 la coco.<\/strong><\/p>\n\n\n\n<h3 class=\"wp-block-heading\"><strong>Rythme et Dur\u00e9e des s\u00e9ances<\/strong><\/h3>\n\n\n\n<p>Pour des r\u00e9sultats probants, l&#8217;id\u00e9al est de <strong>2 s\u00e9ances par semaine<\/strong> (espac\u00e9es d&#8217;au moins 48 h) pendant 5 semaines.<br>Pr\u00e9voir un peu plus de temps la premi\u00e8re et derni\u00e8res s\u00e9ances, pour la prise de photos (confidentielles, elles seront juste l\u00e0 pour vous montrer le changement de votre peau, silhouette) et d\u00e9truites apr\u00e8s votre cure. Je prendrai \u00e9galement des mesures<\/p>\n\n\n\n<p>Apr\u00e8s votre cure de 10 s\u00e9ances, vous pourrez si vous en souhaitez rajouter 5 s\u00e9ances suppl\u00e9mentaires \u00e0 un prix pr\u00e9f\u00e9rentiel.<\/p>\n\n\n\n<p>Pour un entretien, il est recommand\u00e9 de pr\u00e9voir une s\u00e9ance par mois.<\/p>\n\n\n\n<h3 class=\"wp-block-heading\"><strong>TARIFS<\/strong><\/h3>\n\n\n\n<figure class=\"wp-block-table\"><table class=\"has-fixed-layout\"><tbody><tr><td rowspan=\"2\"><strong>ZONES<\/strong><\/td><td rowspan=\"2\"><strong>Dur\u00e9e<\/strong><\/td><td colspan=\"3\"><strong>Tarifs<\/strong><\/td><\/tr><tr><td><strong>Abo 10 s\u00e9ances<\/strong><\/td><td><strong>+ 5 s\u00e9ances<\/strong><\/td><td><strong>s\u00e9ance de suivi\/mois<\/strong><\/td><\/tr><tr><td><strong>Ventre\/ Taille<\/strong><\/td><td>30 min<\/td><td>380 \u20ac<\/td><td>175 \u20ac<\/td><td>30 \u20ac<\/td><\/tr><tr><td><strong>Bras \/ Avant-bras<\/strong><\/td><td>30 min<\/td><td>380 \u20ac<\/td><td>175 \u20ac<\/td><td>30 \u20ac<\/td><\/tr><tr><td><strong>Cuisses &amp; hanches<\/strong><\/td><td>40 min<\/td><td>450 \u20ac<\/td><td>210 \u20ac<\/td><td>40 \u20ac<\/td><\/tr><tr><td><strong>Mollets &amp; Genoux<\/strong><\/td><td>30 min<\/td><td>380 \u20ac<\/td><td>175 \u20ac<\/td><td>30 \u20ac<\/td><\/tr><\/tbody><\/table><\/figure>\n\n\n\n<p><strong>Si 2 zones achet\u00e9es&nbsp;: &#8211; 10 % sur le montant total<\/strong><\/p>\n\n\n\n<h3 class=\"wp-block-heading\"><br><strong>Pourquoi choisir le massage manuel plut\u00f4t que les machines ?<\/strong><\/h3>\n\n\n\n<p>Contrairement aux appareils m\u00e9caniques souvent agressifs ou impersonnels, notre massage :<\/p>\n\n\n\n<ul class=\"wp-block-list\">\n<li>S\u2019adapte en temps r\u00e9el \u00e0 votre corps et \u00e0 vos sensations. Par exemple, le palper-rouler sur une cellulite fibreuse peut \u00eatre trop douloureux pour \u00eatre effectu\u00e9 les premi\u00e8res s\u00e9ances, nous le remplacerons donc par d&#8217;autres techniques qui pr\u00e9pareront \u00ab&nbsp;le terrain&nbsp;\u00bb.<\/li>\n\n\n\n<li>Respecte la physiologie de votre peau et de vos fascias. La lenteur des mouvements, l&#8217;utilisation de la respiration pour att\u00e9nuer les douleurs.<\/li>\n\n\n\n<li>Apporte un v\u00e9ritable <strong>moment de bien-\u00eatre<\/strong>, loin de la froideur des technologies.<\/li>\n\n\n\n<li>Permet un <strong>contact humain<\/strong>, essentiel pour une prise en charge globale et bienveillante.<\/li>\n<\/ul>\n\n\n\n<h3 class=\"wp-block-heading\"><br><strong>Contre-indications<\/strong><\/h3>\n\n\n\n<p>Ce massage ne convient pas :<\/p>\n\n\n\n<ul class=\"wp-block-list\">\n<li>aux personnes atteintes de thrombose veineuse, phl\u00e9bites et varices<\/li>\n\n\n\n<li>aux personnes pr\u00e9sentant une fragilit\u00e9 capillaire excessive : il est d\u00e9conseill\u00e9 de faire un palper rouler chez les personnes qui ont souvent des h\u00e9matomes, ecchymoses et tum\u00e9factions pour ne pas les aggraver.<\/li>\n\n\n\n<li>Aux personnes ayant des probl\u00e8mes cutan\u00e9s (ecz\u00e9ma, l\u00e9sions, br\u00fblures et autres infections de la peau)<\/li>\n\n\n\n<li>Si vous \u00eates enceinte (hors indication sp\u00e9cifique).<\/li>\n\n\n\n<li>En cas de pathologie inflammatoire ou infectieuse sur la zone trait\u00e9e.<\/li>\n\n\n\n<li>En cas de fi\u00e8vre, de grippe, de fractures non ressoud\u00e9es<\/li>\n\n\n\n<li>En cas de cancer en cours de traitement<\/li>\n\n\n\n<li>\u2026 en cas de doute, merci de consulter votre m\u00e9decin au pr\u00e9alable afin d&#8217;avoir son accord<\/li>\n<\/ul>\n\n\n\n<h3 class=\"wp-block-heading\"><br><strong>Pr\u00eate \u00e0 voir votre corps autrement ?<\/strong><\/h3>\n\n\n\n<p><strong>Contactez-moi d\u00e8s maintenant pour r\u00e9server votre cure amincissante personnalis\u00e9e de 10 s\u00e9ances.<br>Massage cibl\u00e9, doux, efficace<br>100 % manuel, 0 machine<br>R\u00e9sultats visibles, sensations in\u00e9gal\u00e9es<\/strong><\/p>\n\n\n\n<p><a href=\"http:\/\/tel0665452742\/\">Appel En Direct<\/a><\/p>\n\n\n\n<p><a href=\"mailto:sandrine@energies-et-moi.fr\">Email<\/a><\/p>\n\n\n\n<h3 class=\"wp-block-heading\"><strong>Conditions de paiement \/ R\u00e9servation<\/strong><\/h3>\n\n\n\n<p><strong>Acompte<\/strong><\/p>\n\n\n\n<p>Pour toute prise de rdv, un acompte de <strong>30 % <\/strong>du montant de vos prestations sera exig\u00e9 dans les 7 jours suivants la commande, sinon les dates et prestations choisies ne seront pas maintenues, et la commande de prestations sera annul\u00e9e.<br>Vous disposez de plusieurs possibilit\u00e9s pour r\u00e9gler l&#8217;acompte&nbsp;:<\/p>\n\n\n\n<ul class=\"wp-block-list\">\n<li>sur place (en m&#8217;appelant avant afin que je vous confirme \u00eatre pr\u00e9sente et disponible)&nbsp;: en ch\u00e8que ou en esp\u00e8ces (je ne suis pas \u00e9quip\u00e9e pour les cartes bancaires)<\/li>\n\n\n\n<li>par courrier&nbsp;: en exp\u00e9diant un ch\u00e8que \u00e0 l&#8217;ordre de Sandrine Kowalik. Adresse&nbsp;: 385 Chemin Meix Tuzon, 71470 Sainte Croix En Bresse<\/li>\n\n\n\n<li>par virement bancaire&nbsp;: si vous pr\u00e9f\u00e9rez ce moyen, merci de me le pr\u00e9ciser et je vous retournerai mon RIB<\/li>\n<\/ul>\n\n\n\n<p><strong>Report ou demande d&#8217;annulation de RDV<\/strong><\/p>\n\n\n\n<p>Toute r\u00e9servation de massages peut \u00eatre annul\u00e9e, modifi\u00e9e ou report\u00e9e, 72 h (3 jours ouvr\u00e9s) avant la date pr\u00e9vue de sa r\u00e9alisation<\/p>\n\n\n\n<p>En cas d&#8217;annulation de moins de 48 heures avant la date de r\u00e9alisation ou de non pr\u00e9sentation au RDV, l&#8217;acompte sera perdu, aucun remboursement ne pourra \u00eatre effectu\u00e9 \u00e0 l&#8217;Acheteur et ce, quelque soit le motif de l&#8217;annulation (except\u00e9 sur pr\u00e9sentation d&#8217;un certificat m\u00e9dical)<\/p>\n\n\n\n<p><\/p>\n","protected":false},"excerpt":{"rendered":"<p>Cure Bye Bye* Capitonsmassage amincissant : une solution naturelle et cibl\u00e9e contre la cellulite(* = au revoir) 100 % manuel, pens\u00e9 pour des r\u00e9sultats visibles tout en respectant votre corps. D\u00e9couvrez notre massage amincissant, une m\u00e9thode douce, naturelle et cibl\u00e9e pour lisser, raffermir et redessiner votre silhouette. Une technique experte et personnalis\u00e9e Notre massage amincissant&hellip;&nbsp;<a href=\"https:\/\/www.energies-et-moi.fr\/index.php\/massage-amincissant-cure-bbc\/\" rel=\"bookmark\"><span class=\"screen-reader-text\">Massage amincissant &#8211; Cure BBC<\/span><\/a><\/p>\n","protected":false},"author":1,"featured_media":0,"parent":0,"menu_order":0,"comment_status":"closed","ping_status":"closed","template":"","meta":{"neve_meta_sidebar":"","neve_meta_container":"","neve_meta_enable_content_width":"","neve_meta_content_width":0,"neve_meta_title_alignment":"","neve_meta_author_avatar":"","neve_post_elements_order":"","neve_meta_disable_header":"","neve_meta_disable_footer":"","neve_meta_disable_title":"","footnotes":""},"class_list":["post-84","page","type-page","status-publish","hentry"],"_links":{"self":[{"href":"https:\/\/www.energies-et-moi.fr\/index.php\/wp-json\/wp\/v2\/pages\/84","targetHints":{"allow":["GET"]}}],"collection":[{"href":"https:\/\/www.energies-et-moi.fr\/index.php\/wp-json\/wp\/v2\/pages"}],"about":[{"href":"https:\/\/www.energies-et-moi.fr\/index.php\/wp-json\/wp\/v2\/types\/page"}],"author":[{"embeddable":true,"href":"https:\/\/www.energies-et-moi.fr\/index.php\/wp-json\/wp\/v2\/users\/1"}],"replies":[{"embeddable":true,"href":"https:\/\/www.energies-et-moi.fr\/index.php\/wp-json\/wp\/v2\/comments?post=84"}],"version-history":[{"count":5,"href":"https:\/\/www.energies-et-moi.fr\/index.php\/wp-json\/wp\/v2\/pages\/84\/revisions"}],"predecessor-version":[{"id":364,"href":"https:\/\/www.energies-et-moi.fr\/index.php\/wp-json\/wp\/v2\/pages\/84\/revisions\/364"}],"wp:attachment":[{"href":"https:\/\/www.energies-et-moi.fr\/index.php\/wp-json\/wp\/v2\/media?parent=84"}],"curies":[{"name":"wp","href":"https:\/\/api.w.org\/{rel}","templated":true}]}}