{"id":60,"date":"2025-11-30T19:15:27","date_gmt":"2025-11-30T19:15:27","guid":{"rendered":"https:\/\/ybkzpau.cluster121.hosting.ovh.net\/?page_id=60"},"modified":"2026-03-04T19:08:04","modified_gmt":"2026-03-04T19:08:04","slug":"massage-balinais","status":"publish","type":"page","link":"https:\/\/www.energies-et-moi.fr\/index.php\/massage-balinais\/","title":{"rendered":"Massage Balinais"},"content":{"rendered":"\n<h2 class=\"wp-block-heading\">Massage Balinais<\/h2>\n\n\n\n<p>Le massage balinais trouve ses racines dans les traditions mill\u00e9naires de l&#8217;Indon\u00e9sie, influenc\u00e9es par les pratiques ayurv\u00e9diques indiennes, la m\u00e9decine traditionnelle chinoise et les techniques de massage locales. Il \u00e9tait initialement utilis\u00e9 pour soigner les maux du corps et de l&#8217;esprit, contribuant \u00e0 la sant\u00e9 globale et au bien-\u00eatre des individus. Il combine des mouvements vari\u00e9s tels que des p\u00e9trissages (d\u00e9tente des muscles et am\u00e9lioration de la circulation sanguine), des \u00e9tirements et mobilisations articulaires doux (inspir\u00e9s du yoga pour am\u00e9liorer la flexibilit\u00e9 et rel\u00e2cher les tensions accumul\u00e9es dans les articulations), des pressions douces et profondes (lib\u00e9ration des blocages \u00e9nerg\u00e9tiques), des frictions (apaisement du syst\u00e8me nerveux), etc.<br><\/p>\n\n\n\n<h2 class=\"wp-block-heading\"><strong>LES BIENFAITS DU MASSAGE BALINAIS<\/strong><\/h2>\n\n\n\n<p><strong>R\u00e9duction du Stress et de l&#8217;Anxi\u00e9t\u00e9<\/strong><br>Gr\u00e2ce \u00e0 ses techniques vari\u00e9es et \u00e0 l&#8217;utilisation d&#8217;huiles de massages parfum\u00e9es, le massage balinais aide \u00e0 r\u00e9duire consid\u00e9rablement le stress et l&#8217;anxi\u00e9t\u00e9. Ses mouvements doux et rythm\u00e9s favorisent la relaxation profonde et le l\u00e2cher-prise.<\/p>\n\n\n\n<p><strong>Am\u00e9lioration de la Circulation Sanguine<\/strong><br>Les pressions et p\u00e9trissages stimulent la circulation sanguine, ce qui permet une meilleure oxyg\u00e9nation des tissus et l&#8217;\u00e9limination des toxines. Cela peut \u00e9galement contribuer \u00e0 une meilleure sant\u00e9 cardiovasculaire.<\/p>\n\n\n\n<p><strong>Soulagement des Douleurs Musculaires et Articulaires<\/strong><br>Les techniques utilis\u00e9es aident \u00e0 d\u00e9tendre les muscles tendus, \u00e0 r\u00e9duire les inflammations et \u00e0 soulager les douleurs chroniques, qu&#8217;elles soient musculaires ou articulaires. Parfait avant et\/ou apr\u00e8s une \u00e9preuve sportive intense.<\/p>\n\n\n\n<p><strong>Stimulation du Syst\u00e8me Lymphatique<\/strong><br>Le massage balinais favorise \u00e9galement le drainage lymphatique, aidant ainsi \u00e0 \u00e9liminer les d\u00e9chets m\u00e9taboliques et \u00e0 renforcer le syst\u00e8me immunitaire.<\/p>\n\n\n\n<p><strong>Am\u00e9lioration de la Flexibilit\u00e9 et de la Posture<\/strong><br>Les \u00e9tirements et les mobilisations articulaires contribuent \u00e0 am\u00e9liorer la flexibilit\u00e9 et \u00e0 corriger les d\u00e9s\u00e9quilibres posturaux, ce qui est b\u00e9n\u00e9fique pour la pr\u00e9vention des blessures.<\/p>\n\n\n\n<p><strong>Am\u00e9lioration du sommeil<\/strong><br>En induisant une profonde relaxation, le massage balinais peut aider \u00e0 am\u00e9liorer la qualit\u00e9 du sommeil, favorisant un repos plus r\u00e9parateur.<\/p>\n\n\n\n<p><strong>\u00c9quilibrage \u00c9nerg\u00e9tique<\/strong><br>En stimulant les points d&#8217;acupuncture et les m\u00e9ridiens \u00e9nerg\u00e9tiques, le massage balinais aide \u00e0 r\u00e9tablir l&#8217;harmonie du corps et de l&#8217;esprit, apportant une sensation de bien-\u00eatre global.<\/p>\n\n\n\n<p><strong>Dur\u00e9e&nbsp;: 1 h30 massage \u00e0 l&#8217;huile sur table<\/strong> <br><strong>Tarif : 80 \u20ac<\/strong><\/p>\n\n\n\n<p><\/p>\n\n\n\n<p><\/p>\n","protected":false},"excerpt":{"rendered":"<p>Massage Balinais Le massage balinais trouve ses racines dans les traditions mill\u00e9naires de l&#8217;Indon\u00e9sie, influenc\u00e9es par les pratiques ayurv\u00e9diques indiennes, la m\u00e9decine traditionnelle chinoise et les techniques de massage locales. Il \u00e9tait initialement utilis\u00e9 pour soigner les maux du corps et de l&#8217;esprit, contribuant \u00e0 la sant\u00e9 globale et au bien-\u00eatre des individus. Il combine&hellip;&nbsp;<a href=\"https:\/\/www.energies-et-moi.fr\/index.php\/massage-balinais\/\" rel=\"bookmark\"><span class=\"screen-reader-text\">Massage Balinais<\/span><\/a><\/p>\n","protected":false},"author":1,"featured_media":0,"parent":0,"menu_order":0,"comment_status":"closed","ping_status":"closed","template":"","meta":{"neve_meta_sidebar":"default","neve_meta_container":"full-width","neve_meta_enable_content_width":"","neve_meta_content_width":70,"neve_meta_title_alignment":"","neve_meta_author_avatar":"","neve_post_elements_order":"","neve_meta_disable_header":"","neve_meta_disable_footer":"","neve_meta_disable_title":"","footnotes":""},"class_list":["post-60","page","type-page","status-publish","hentry"],"_links":{"self":[{"href":"https:\/\/www.energies-et-moi.fr\/index.php\/wp-json\/wp\/v2\/pages\/60","targetHints":{"allow":["GET"]}}],"collection":[{"href":"https:\/\/www.energies-et-moi.fr\/index.php\/wp-json\/wp\/v2\/pages"}],"about":[{"href":"https:\/\/www.energies-et-moi.fr\/index.php\/wp-json\/wp\/v2\/types\/page"}],"author":[{"embeddable":true,"href":"https:\/\/www.energies-et-moi.fr\/index.php\/wp-json\/wp\/v2\/users\/1"}],"replies":[{"embeddable":true,"href":"https:\/\/www.energies-et-moi.fr\/index.php\/wp-json\/wp\/v2\/comments?post=60"}],"version-history":[{"count":2,"href":"https:\/\/www.energies-et-moi.fr\/index.php\/wp-json\/wp\/v2\/pages\/60\/revisions"}],"predecessor-version":[{"id":368,"href":"https:\/\/www.energies-et-moi.fr\/index.php\/wp-json\/wp\/v2\/pages\/60\/revisions\/368"}],"wp:attachment":[{"href":"https:\/\/www.energies-et-moi.fr\/index.php\/wp-json\/wp\/v2\/media?parent=60"}],"curies":[{"name":"wp","href":"https:\/\/api.w.org\/{rel}","templated":true}]}}