{"id":293,"date":"2026-03-02T13:41:43","date_gmt":"2026-03-02T13:41:43","guid":{"rendered":"https:\/\/www.energies-et-moi.fr\/?page_id=293"},"modified":"2026-03-04T18:57:29","modified_gmt":"2026-03-04T18:57:29","slug":"cure-detox-intensive-printemps","status":"publish","type":"page","link":"https:\/\/www.energies-et-moi.fr\/index.php\/cure-detox-intensive-printemps\/","title":{"rendered":"Cure D\u00e9tox Intensive Printemps"},"content":{"rendered":"\n<h1 class=\"wp-block-heading has-text-align-center has-text-color has-background has-link-color wp-elements-89a8427d5cd42999098da2cc8d4074ff\" style=\"color:#198917;background-color:#e8f8d8\">Cure D\u00e9tox Intensive <br>Printemps 2026<\/h1>\n\n\n\n<h2 class=\"wp-block-heading has-text-align-center\">Programme en 3 s\u00e9ances <br>associant Chi Nei Tsang (massage du ventre) <br>et Drainage Lymphatique Manuel pour soutenir <br>la digestion, la circulation, et l&#8217;\u00e9limination naturelle des toxines.<\/h2>\n\n\n\n<div class=\"wp-block-columns is-layout-flex wp-container-core-columns-is-layout-9d6595d7 wp-block-columns-is-layout-flex\">\n<div class=\"wp-block-column is-layout-flow wp-block-column-is-layout-flow\">\n<div class=\"wp-block-buttons is-content-justification-center is-layout-flex wp-container-core-buttons-is-layout-16018d1d wp-block-buttons-is-layout-flex\">\n<div class=\"wp-block-button\"><a class=\"wp-block-button__link has-background wp-element-button\" href=\"https:\/\/calendly.com\/sandrine-energies-et-moi\/30min\" style=\"background-color:#398eae\">Pr\u00e9-r\u00e9server ma Cure*<\/a><\/div>\n<\/div>\n<\/div>\n\n\n\n<div class=\"wp-block-column is-layout-flow wp-block-column-is-layout-flow\">\n<div class=\"wp-block-buttons is-content-justification-center is-layout-flex wp-container-core-buttons-is-layout-16018d1d wp-block-buttons-is-layout-flex\">\n<div class=\"wp-block-button\"><a class=\"wp-block-button__link has-background wp-element-button\" href=\"http:\/\/+33665452742\" style=\"background-color:#398eae\">Appel en direct (en journ\u00e9e)<\/a><\/div>\n<\/div>\n<\/div>\n<\/div>\n\n\n\n<p class=\"has-small-font-size\">(*<em>Pr\u00e9-r\u00e9servation en ligne \u2013 confirmation apr\u00e8s r\u00e9ception de l\u2019acompte<\/em>)<\/p>\n\n\n\n<h2 class=\"wp-block-heading has-text-align-center has-text-color has-background has-link-color wp-elements-544dbf07b62fcdfd00f8c6b15df9f03b\" style=\"color:#d2439b;background-color:#fef6fb\">Retrouvez l\u00e9g\u00e8ret\u00e9 et vitalit\u00e9 au printemps<br><\/h2>\n\n\n<div class=\"wp-block-image\">\n<figure class=\"aligncenter size-large\"><img loading=\"lazy\" decoding=\"async\" width=\"1024\" height=\"680\" src=\"https:\/\/www.energies-et-moi.fr\/wp-content\/uploads\/2026\/03\/detox-facebook-site-1024x680.jpg\" alt=\"\" class=\"wp-image-343\" srcset=\"https:\/\/www.energies-et-moi.fr\/wp-content\/uploads\/2026\/03\/detox-facebook-site-1024x680.jpg 1024w, https:\/\/www.energies-et-moi.fr\/wp-content\/uploads\/2026\/03\/detox-facebook-site-300x199.jpg 300w, https:\/\/www.energies-et-moi.fr\/wp-content\/uploads\/2026\/03\/detox-facebook-site-768x510.jpg 768w, https:\/\/www.energies-et-moi.fr\/wp-content\/uploads\/2026\/03\/detox-facebook-site.jpg 1118w\" sizes=\"auto, (max-width: 1024px) 100vw, 1024px\" \/><\/figure>\n<\/div>\n\n\n<p><\/p>\n\n\n\n<p>Apr\u00e8s l\u2019hiver, il est fr\u00e9quent de ressentir : <\/p>\n\n\n\n<ul class=\"wp-block-list\">\n<li>ventre gonfl\u00e9<\/li>\n\n\n\n<li>sensation de lourdeur<\/li>\n\n\n\n<li>transit ralenti<\/li>\n\n\n\n<li>jambes lourdes<\/li>\n\n\n\n<li>fatigue persistante<\/li>\n<\/ul>\n\n\n\n<p>Le printemps est id\u00e9ale pour accompagner l\u2019\u00e9limination naturelle des toxines.<\/p>\n\n\n\n<h2 class=\"wp-block-heading has-text-align-center\"><strong>Une action cibl\u00e9e sur la digestion et la circulation<\/strong><\/h2>\n\n\n\n<h3 class=\"wp-block-heading has-text-align-center has-text-color has-link-color wp-elements-f2d9ed60ba48b1cda4d1c9b4ef612d17\" style=\"color:#3464cb\">Le Chi Nei Tsang<\/h3>\n\n\n\n<p>Massage profond du ventre, agit directement sur la zone abdominale, centre de nombreuses fonctions essentielles.<br>Il aide \u00e0 :<\/p>\n\n\n\n<ul class=\"wp-block-list\">\n<li>rel\u00e2cher les tensions abdominales<\/li>\n\n\n\n<li>am\u00e9liorer le confort digestif<\/li>\n\n\n\n<li>soutenir le transit<\/li>\n\n\n\n<li>favoriser la circulation locale<\/li>\n<\/ul>\n\n\n\n<div class=\"wp-block-buttons alignwide is-content-justification-center is-layout-flex wp-container-core-buttons-is-layout-16018d1d wp-block-buttons-is-layout-flex\">\n<div class=\"wp-block-button\"><a class=\"wp-block-button__link has-background has-text-align-right wp-element-button\" href=\"https:\/\/www.energies-et-moi.fr\/index.php\/chi-nei-tsang-massage-du-ventre\/\" style=\"background-color:#7ea45d\">Plus d&#8217;info sur le Chi Nei Tsang<\/a><\/div>\n<\/div>\n\n\n\n<h3 class=\"wp-block-heading has-text-align-center has-text-color has-link-color wp-elements-f0f2f2ad79e265e8eb673a3661f251bc\" style=\"color:#3464cb\">Le Drainage Lymphatique Manuel<\/h3>\n\n\n\n<p>Technique douce et rythm\u00e9e (m\u00e9thode Vodder) qui stimule le syst\u00e8me lymphatique afin de :<\/p>\n\n\n\n<ul class=\"wp-block-list\">\n<li>favoriser l\u2019\u00e9limination des d\u00e9chets<\/li>\n\n\n\n<li>diminuer les gonflements<\/li>\n\n\n\n<li>all\u00e9ger les jambes<\/li>\n<\/ul>\n\n\n\n<div class=\"wp-block-buttons is-content-justification-center is-layout-flex wp-container-core-buttons-is-layout-16018d1d wp-block-buttons-is-layout-flex\">\n<div class=\"wp-block-button\"><a class=\"wp-block-button__link has-background wp-element-button\" href=\"https:\/\/www.energies-et-moi.fr\/index.php\/drainage-lymphatique-manuel-dlm\/\" style=\"background-color:#7ea45d\">Plus d&#8217;info sur le drainage lymphatique<\/a><\/div>\n<\/div>\n\n\n\n<p>Cette synergie puissante permet d\u2019agir \u00e0 la fois sur la sph\u00e8re digestive, circulatoire et lymphatique. Elle relance, lib\u00e8re, all\u00e8ge.<\/p>\n\n\n\n<h2 class=\"wp-block-heading has-text-align-center has-text-color has-link-color wp-elements-7d0af8c70ee4ca8e19fb4f9cf41f6912\" style=\"color:#d2439b\">Les bienfaits de la cure<\/h2>\n\n\n\n<p>Au fil des 3 semaines, vous pourrez ressentir :<\/p>\n\n\n\n<ul class=\"wp-block-list\">\n<li>un ventre plus souple<\/li>\n\n\n\n<li>une diminution des gonflements<\/li>\n\n\n\n<li>une meilleure circulation<\/li>\n\n\n\n<li>un regain d\u2019\u00e9nergie<\/li>\n\n\n\n<li>un rel\u00e2chement profond<\/li>\n\n\n\n<li>un sommeil plus apais\u00e9<\/li>\n<\/ul>\n\n\n\n<p>Au-del\u00e0 de l\u2019aspect circulatoire et digestif, ce travail corporel favorise \u00e9galement un rel\u00e2chement profond. Le syst\u00e8me nerveux s\u2019apaise, ce qui peut s\u2019accompagner d\u2019un endormissement plus serein et d\u2019une sensation de calme durable.<\/p>\n\n\n\n<h2 class=\"wp-block-heading has-text-align-center\">D\u00e9roulement de la Cure D\u00e9tox Intensive<\/h2>\n\n\n\n<p>3 s\u00e9ances de 2 heures = 1 s\u00e9ance par semaine pendant 3 semaines. Un rythme qui permet au corps d&#8217;int\u00e9grer les bienfaits de chaque s\u00e9ance.<br><br>Chaque s\u00e9ance comprend :<br>* 45 min de Chi Nei Tsang<br>* 1h15 de Drainage Lymphatique Manuel corps entier<br>* Une tisane offerte en fin de s\u00e9ance pendant la phase de r\u00e9cup\u00e9ration<\/p>\n\n\n\n<h2 class=\"wp-block-heading has-text-align-center\">Tarif et p\u00e9riode<\/h2>\n\n\n\n<p>Tarif : 350 \u20ac la cure compl\u00e8te.<br>Paiement par Wero, ch\u00e8que ou esp\u00e8ces. Facilit\u00e9 de paiement (\u00e9chelonnement de ch\u00e8ques)<\/p>\n\n\n\n<p>Cette Cure D\u00e9tox Intensive est propos\u00e9e \u00e0 Sainte Croix En Bresse uniquement durant le printemps, soit de d\u00e9but mars \u00e0 mi-juin. Les places sont volontairement limit\u00e9es afin de garantir un accompagnement attentif et personnalis\u00e9.<\/p>\n\n\n\n<h2 class=\"wp-block-heading has-text-align-center\"><br>R\u00e9server ma Cure D\u00e9tox<br>\u00e0 Sainte Croix En Bresse<\/h2>\n\n\n\n<div class=\"wp-block-columns is-layout-flex wp-container-core-columns-is-layout-9d6595d7 wp-block-columns-is-layout-flex\">\n<div class=\"wp-block-column is-layout-flow wp-block-column-is-layout-flow\">\n<div class=\"wp-block-buttons is-content-justification-center is-layout-flex wp-container-core-buttons-is-layout-16018d1d wp-block-buttons-is-layout-flex\">\n<div class=\"wp-block-button\"><a class=\"wp-block-button__link has-background wp-element-button\" href=\"https:\/\/calendly.com\/sandrine-energies-et-moi\/30min\" style=\"background-color:#398eae\">Pr\u00e9-r\u00e9server ma Cure<\/a><\/div>\n<\/div>\n<\/div>\n\n\n\n<div class=\"wp-block-column is-layout-flow wp-block-column-is-layout-flow\">\n<div class=\"wp-block-buttons is-content-justification-center is-layout-flex wp-container-core-buttons-is-layout-16018d1d wp-block-buttons-is-layout-flex\">\n<div class=\"wp-block-button\"><a class=\"wp-block-button__link has-background wp-element-button\" href=\"http:\/\/+33665452742\" style=\"background-color:#398eae\">Je d\u00e9sire \u00eatre rappel\u00e9e<\/a><\/div>\n<\/div>\n<\/div>\n<\/div>\n\n\n\n<p><\/p>\n\n\n\n<p><\/p>\n\n\n\n<p><\/p>\n","protected":false},"excerpt":{"rendered":"<p>Cure D\u00e9tox Intensive Printemps 2026 Programme en 3 s\u00e9ances associant Chi Nei Tsang (massage du ventre) et Drainage Lymphatique Manuel pour soutenir la digestion, la circulation, et l&#8217;\u00e9limination naturelle des toxines. (*Pr\u00e9-r\u00e9servation en ligne \u2013 confirmation apr\u00e8s r\u00e9ception de l\u2019acompte) Retrouvez l\u00e9g\u00e8ret\u00e9 et vitalit\u00e9 au printemps Apr\u00e8s l\u2019hiver, il est fr\u00e9quent de ressentir : Le&hellip;&nbsp;<a href=\"https:\/\/www.energies-et-moi.fr\/index.php\/cure-detox-intensive-printemps\/\" rel=\"bookmark\"><span class=\"screen-reader-text\">Cure D\u00e9tox Intensive Printemps<\/span><\/a><\/p>\n","protected":false},"author":1,"featured_media":0,"parent":0,"menu_order":0,"comment_status":"closed","ping_status":"closed","template":"","meta":{"neve_meta_sidebar":"","neve_meta_container":"","neve_meta_enable_content_width":"","neve_meta_content_width":0,"neve_meta_title_alignment":"","neve_meta_author_avatar":"","neve_post_elements_order":"","neve_meta_disable_header":"","neve_meta_disable_footer":"","neve_meta_disable_title":"","footnotes":""},"class_list":["post-293","page","type-page","status-publish","hentry"],"_links":{"self":[{"href":"https:\/\/www.energies-et-moi.fr\/index.php\/wp-json\/wp\/v2\/pages\/293","targetHints":{"allow":["GET"]}}],"collection":[{"href":"https:\/\/www.energies-et-moi.fr\/index.php\/wp-json\/wp\/v2\/pages"}],"about":[{"href":"https:\/\/www.energies-et-moi.fr\/index.php\/wp-json\/wp\/v2\/types\/page"}],"author":[{"embeddable":true,"href":"https:\/\/www.energies-et-moi.fr\/index.php\/wp-json\/wp\/v2\/users\/1"}],"replies":[{"embeddable":true,"href":"https:\/\/www.energies-et-moi.fr\/index.php\/wp-json\/wp\/v2\/comments?post=293"}],"version-history":[{"count":20,"href":"https:\/\/www.energies-et-moi.fr\/index.php\/wp-json\/wp\/v2\/pages\/293\/revisions"}],"predecessor-version":[{"id":360,"href":"https:\/\/www.energies-et-moi.fr\/index.php\/wp-json\/wp\/v2\/pages\/293\/revisions\/360"}],"wp:attachment":[{"href":"https:\/\/www.energies-et-moi.fr\/index.php\/wp-json\/wp\/v2\/media?parent=293"}],"curies":[{"name":"wp","href":"https:\/\/api.w.org\/{rel}","templated":true}]}}