{"id":113,"date":"2025-12-01T00:18:35","date_gmt":"2025-12-01T00:18:35","guid":{"rendered":"https:\/\/ybkzpau.cluster121.hosting.ovh.net\/?page_id=113"},"modified":"2025-12-03T18:30:11","modified_gmt":"2025-12-03T18:30:11","slug":"politique-de-reservation-conditions-de-paiement","status":"publish","type":"page","link":"https:\/\/www.energies-et-moi.fr\/index.php\/politique-de-reservation-conditions-de-paiement\/","title":{"rendered":"Tarifs \/ Politique de R\u00e9servation \/Conditions de paiement"},"content":{"rendered":"\n<p><strong>Acompte<\/strong><\/p>\n\n\n\n<p>Pour toute prise de rdv,&nbsp;<strong>un acompte de&nbsp;30 %&nbsp;du montant de vos prestations&nbsp;<\/strong>sera exig\u00e9 dans les 7 jours suivants la commande, sinon les dates et prestations choisies ne seront pas maintenues, et la commande de prestations sera annul\u00e9e.<br>Vous disposez de plusieurs possibilit\u00e9s pour r\u00e9gler l\u2019acompte&nbsp;:<\/p>\n\n\n\n<ul class=\"wp-block-list\">\n<li>sur place (en m\u2019appelant avant afin que je vous confirme \u00eatre pr\u00e9sente et disponible)&nbsp;: en ch\u00e8que ou en esp\u00e8ces (je ne suis pas \u00e9quip\u00e9e pour les cartes bancaires)<\/li>\n\n\n\n<li>par courrier&nbsp;: en exp\u00e9diant un ch\u00e8que \u00e0 l\u2019ordre de Sandrine Kowalik. Adresse&nbsp;: 385 Chemin Meix Tuzon, 71470 Sainte Croix En Bresse<\/li>\n\n\n\n<li>par virement bancaire&nbsp;: si vous pr\u00e9f\u00e9rez ce moyen, merci de me le pr\u00e9ciser et je vous retournerai mon RIB<\/li>\n<\/ul>\n\n\n\n<p><strong>Report ou demande d\u2019annulation de RDV<\/strong><\/p>\n\n\n\n<p>Toute r\u00e9servation de massages peut \u00eatre annul\u00e9e, modifi\u00e9e ou report\u00e9e, 72 h (3 jours ouvr\u00e9s) avant la date pr\u00e9vue de sa r\u00e9alisation<\/p>\n\n\n\n<p>En cas d\u2019annulation de moins de 48 heures avant la date de r\u00e9alisation ou de non pr\u00e9sentation au RDV, l\u2019acompte sera perdu, aucun remboursement ne pourra \u00eatre effectu\u00e9 \u00e0 l\u2019Acheteur et ce, quelque soit le motif de l\u2019annulation (except\u00e9 sur pr\u00e9sentation d\u2019un certificat m\u00e9dical)<\/p>\n\n\n\n<p><strong>Tarifs<\/strong><\/p>\n\n\n\n<figure class=\"wp-block-image size-large\"><img loading=\"lazy\" decoding=\"async\" width=\"724\" height=\"1024\" src=\"https:\/\/www.energies-et-moi.fr\/wp-content\/uploads\/2025\/12\/liste-tarifs-724x1024.png\" alt=\"\" class=\"wp-image-127\" srcset=\"https:\/\/www.energies-et-moi.fr\/wp-content\/uploads\/2025\/12\/liste-tarifs-724x1024.png 724w, https:\/\/www.energies-et-moi.fr\/wp-content\/uploads\/2025\/12\/liste-tarifs-212x300.png 212w, https:\/\/www.energies-et-moi.fr\/wp-content\/uploads\/2025\/12\/liste-tarifs-768x1086.png 768w, https:\/\/www.energies-et-moi.fr\/wp-content\/uploads\/2025\/12\/liste-tarifs-1086x1536.png 1086w, https:\/\/www.energies-et-moi.fr\/wp-content\/uploads\/2025\/12\/liste-tarifs-1448x2048.png 1448w, https:\/\/www.energies-et-moi.fr\/wp-content\/uploads\/2025\/12\/liste-tarifs.png 1587w\" sizes=\"auto, (max-width: 724px) 100vw, 724px\" \/><\/figure>\n\n\n\n<p><\/p>\n","protected":false},"excerpt":{"rendered":"<p>Acompte Pour toute prise de rdv,&nbsp;un acompte de&nbsp;30 %&nbsp;du montant de vos prestations&nbsp;sera exig\u00e9 dans les 7 jours suivants la commande, sinon les dates et prestations choisies ne seront pas maintenues, et la commande de prestations sera annul\u00e9e.Vous disposez de plusieurs possibilit\u00e9s pour r\u00e9gler l\u2019acompte&nbsp;: Report ou demande d\u2019annulation de RDV Toute r\u00e9servation de massages&hellip;&nbsp;<a href=\"https:\/\/www.energies-et-moi.fr\/index.php\/politique-de-reservation-conditions-de-paiement\/\" rel=\"bookmark\"><span class=\"screen-reader-text\">Tarifs \/ Politique de R\u00e9servation \/Conditions de paiement<\/span><\/a><\/p>\n","protected":false},"author":1,"featured_media":0,"parent":0,"menu_order":0,"comment_status":"closed","ping_status":"closed","template":"","meta":{"neve_meta_sidebar":"","neve_meta_container":"","neve_meta_enable_content_width":"","neve_meta_content_width":0,"neve_meta_title_alignment":"","neve_meta_author_avatar":"","neve_post_elements_order":"","neve_meta_disable_header":"","neve_meta_disable_footer":"","neve_meta_disable_title":"","footnotes":""},"class_list":["post-113","page","type-page","status-publish","hentry"],"_links":{"self":[{"href":"https:\/\/www.energies-et-moi.fr\/index.php\/wp-json\/wp\/v2\/pages\/113","targetHints":{"allow":["GET"]}}],"collection":[{"href":"https:\/\/www.energies-et-moi.fr\/index.php\/wp-json\/wp\/v2\/pages"}],"about":[{"href":"https:\/\/www.energies-et-moi.fr\/index.php\/wp-json\/wp\/v2\/types\/page"}],"author":[{"embeddable":true,"href":"https:\/\/www.energies-et-moi.fr\/index.php\/wp-json\/wp\/v2\/users\/1"}],"replies":[{"embeddable":true,"href":"https:\/\/www.energies-et-moi.fr\/index.php\/wp-json\/wp\/v2\/comments?post=113"}],"version-history":[{"count":2,"href":"https:\/\/www.energies-et-moi.fr\/index.php\/wp-json\/wp\/v2\/pages\/113\/revisions"}],"predecessor-version":[{"id":128,"href":"https:\/\/www.energies-et-moi.fr\/index.php\/wp-json\/wp\/v2\/pages\/113\/revisions\/128"}],"wp:attachment":[{"href":"https:\/\/www.energies-et-moi.fr\/index.php\/wp-json\/wp\/v2\/media?parent=113"}],"curies":[{"name":"wp","href":"https:\/\/api.w.org\/{rel}","templated":true}]}}