{"id":109,"date":"2025-12-01T00:15:20","date_gmt":"2025-12-01T00:15:20","guid":{"rendered":"https:\/\/ybkzpau.cluster121.hosting.ovh.net\/?page_id=109"},"modified":"2026-03-04T19:08:42","modified_gmt":"2026-03-04T19:08:42","slug":"massage-energetique-linstant-t","status":"publish","type":"page","link":"https:\/\/www.energies-et-moi.fr\/index.php\/massage-energetique-linstant-t\/","title":{"rendered":"Massage \u00e9nerg\u00e9tique, l&#8217;Instant T"},"content":{"rendered":"\n<h2 class=\"wp-block-heading\">Massage \u00e9nerg\u00e9tique, l&#8217;Instant T<\/h2>\n\n\n\n<p>Il m\u2019arrive fr\u00e9quemment, lorsque je pratique des passes \u00e9nerg\u00e9tiques \u2013 qu\u2019il s\u2019agisse de magn\u00e9tisme, de Reiki tib\u00e9tain, de chants de mantras ou de chants am\u00e9rindiens \u2013 de ressentir un appel int\u00e9rieur, une impulsion guid\u00e9e, qui m\u2019invite \u00e0 travailler plus profond\u00e9ment une zone du corps. Avec l&#8217;Instant T, je me laisse enti\u00e8rement porter par cette intuition.<\/p>\n\n\n\n<p>Ainsi, au c\u0153ur d\u2019un mantra, si mes mains sont attir\u00e9es vers votre mollet pour y exercer une pression ou un malaxage, je me laisse guider et j\u2019accompagne ce mouvement. Ce geste spontan\u00e9 ne vient jamais par hasard : il r\u00e9pond \u00e0 une variation, une circulation ou un besoin ressenti dans votre champ \u00e9nerg\u00e9tique.<\/p>\n\n\n\n<p>En associant la pr\u00e9cision du toucher et la fluidit\u00e9 du travail vibratoire, les deux approches se compl\u00e8tent naturellement. Le massage soutient l\u2019ancrage, d\u00e9tend les tissus, lib\u00e8re des tensions localis\u00e9es ; l\u2019\u00e9nergie, elle, vient circuler, harmoniser, apaiser ou dynamiser selon ce qui se pr\u00e9sente.<\/p>\n\n\n\n<p>Vous profitez ainsi des bienfaits conjoints d\u2019un massage intuitif et d\u2019un soin \u00e9nerg\u00e9tique vibratoire, dans une s\u00e9ance unique o\u00f9 chaque geste na\u00eet de l\u2019Instant T, dans le respect de votre corps et de votre rythme int\u00e9rieur.<\/p>\n\n\n\n<p>S\u00e9ance d&#8217;1 heure : 60 \u20ac<\/p>\n","protected":false},"excerpt":{"rendered":"<p>Massage \u00e9nerg\u00e9tique, l&#8217;Instant T Il m\u2019arrive fr\u00e9quemment, lorsque je pratique des passes \u00e9nerg\u00e9tiques \u2013 qu\u2019il s\u2019agisse de magn\u00e9tisme, de Reiki tib\u00e9tain, de chants de mantras ou de chants am\u00e9rindiens \u2013 de ressentir un appel int\u00e9rieur, une impulsion guid\u00e9e, qui m\u2019invite \u00e0 travailler plus profond\u00e9ment une zone du corps. Avec l&#8217;Instant T, je me laisse enti\u00e8rement&hellip;&nbsp;<a href=\"https:\/\/www.energies-et-moi.fr\/index.php\/massage-energetique-linstant-t\/\" rel=\"bookmark\"><span class=\"screen-reader-text\">Massage \u00e9nerg\u00e9tique, l&#8217;Instant T<\/span><\/a><\/p>\n","protected":false},"author":1,"featured_media":0,"parent":0,"menu_order":0,"comment_status":"closed","ping_status":"closed","template":"","meta":{"neve_meta_sidebar":"","neve_meta_container":"","neve_meta_enable_content_width":"","neve_meta_content_width":0,"neve_meta_title_alignment":"","neve_meta_author_avatar":"","neve_post_elements_order":"","neve_meta_disable_header":"","neve_meta_disable_footer":"","neve_meta_disable_title":"","footnotes":""},"class_list":["post-109","page","type-page","status-publish","hentry"],"_links":{"self":[{"href":"https:\/\/www.energies-et-moi.fr\/index.php\/wp-json\/wp\/v2\/pages\/109","targetHints":{"allow":["GET"]}}],"collection":[{"href":"https:\/\/www.energies-et-moi.fr\/index.php\/wp-json\/wp\/v2\/pages"}],"about":[{"href":"https:\/\/www.energies-et-moi.fr\/index.php\/wp-json\/wp\/v2\/types\/page"}],"author":[{"embeddable":true,"href":"https:\/\/www.energies-et-moi.fr\/index.php\/wp-json\/wp\/v2\/users\/1"}],"replies":[{"embeddable":true,"href":"https:\/\/www.energies-et-moi.fr\/index.php\/wp-json\/wp\/v2\/comments?post=109"}],"version-history":[{"count":3,"href":"https:\/\/www.energies-et-moi.fr\/index.php\/wp-json\/wp\/v2\/pages\/109\/revisions"}],"predecessor-version":[{"id":369,"href":"https:\/\/www.energies-et-moi.fr\/index.php\/wp-json\/wp\/v2\/pages\/109\/revisions\/369"}],"wp:attachment":[{"href":"https:\/\/www.energies-et-moi.fr\/index.php\/wp-json\/wp\/v2\/media?parent=109"}],"curies":[{"name":"wp","href":"https:\/\/api.w.org\/{rel}","templated":true}]}}