{"id":105,"date":"2025-12-01T00:04:54","date_gmt":"2025-12-01T00:04:54","guid":{"rendered":"https:\/\/ybkzpau.cluster121.hosting.ovh.net\/?page_id=105"},"modified":"2026-03-04T19:03:07","modified_gmt":"2026-03-04T19:03:07","slug":"massage-shiatsu-du-visage-et-crane","status":"publish","type":"page","link":"https:\/\/www.energies-et-moi.fr\/index.php\/massage-shiatsu-du-visage-et-crane\/","title":{"rendered":"Massage Shiatsu Visage et Cr\u00e2ne"},"content":{"rendered":"\n<h2 class=\"wp-block-heading\">Massage Shiatsu Visage et Cr\u00e2ne<\/h2>\n\n\n\n<h3 class=\"wp-block-heading\">L&#8217;atout beaut\u00e9, effet \u00ab bonne mine \u00bb imm\u00e9diat !<\/h3>\n\n\n\n<p>Ah, le massage shiatsu du visage et du cr\u00e2ne&#8230; C&#8217;est comme offrir \u00e0 votre esprit un petit s\u00e9jour dans un spa cinq \u00e9toiles&nbsp;!<\/p>\n\n\n\n<p>Imaginez-vous, d\u00e9tendue, allong\u00e9e, pendant que des doigts experts s&#8217;occupent de chasser toutes vos tensions accumul\u00e9es. Comme si chacune de ces pressions d\u00e9licatement appuy\u00e9e disait : &#8220;Bye-bye, stress, bonjour, d\u00e9tente !&#8221;<\/p>\n\n\n\n<p>Et que dire de cette sensation divine lorsque les doigts parcourent d\u00e9licatement votre cr\u00e2ne, lib\u00e9rant les soucis et les pens\u00e9es turbulentes ? C&#8217;est un peu comme si votre t\u00eate prenait des vacances, vous laissant flotter dans un oc\u00e9an de calme et de s\u00e9r\u00e9nit\u00e9.<\/p>\n\n\n\n<p>Alors, si vous cherchez un moyen de vous offrir une pause bien m\u00e9rit\u00e9e dans votre journ\u00e9e tr\u00e9pidante, le Massage Shiatsu du Visage et du Cr\u00e2ne est d\u00e9finitivement la voie \u00e0 suivre. Une exp\u00e9rience \u00e0 la fois apaisante et r\u00e9g\u00e9n\u00e9rante qui vous laissera avec un sourire radieux et une sensation de l\u00e9g\u00e8ret\u00e9.<\/p>\n\n\n\n<p><strong>Lecture d\u00e9taill\u00e9e <\/strong>(Vous pr\u00e9f\u00e9rez avoir le plus d&#8217;informations possibles sur ce massage, alors ce texte est pour vous !&nbsp; :<\/p>\n\n\n\n<p>Ce massage se pratique habill\u00e9 sur table. Il s&#8217;agit d&#8217;acupression&nbsp; sur des points strat\u00e9giques situ\u00e9s sur le parcours des diff\u00e9rents m\u00e9ridiens. C&#8217;est-\u00e0-dire qu&#8217;en exer\u00e7ant des pressions mod\u00e9r\u00e9es avec mes doigts sur des points sp\u00e9cifiques situ\u00e9s sur votre visage et sur votre cr\u00e2ne, je vais venir relancer le flux \u00e9nerg\u00e9tique de vos m\u00e9ridiens (canaux d&#8217;\u00e9nergie). Et en m\u00eame temps, ces m\u00eames pressions auront \u00e9galement un effet sur votre circulation sanguine et sur vos tensions musculaires.<\/p>\n\n\n\n<p><strong>Qu&#8217;attendre de ces 30 minutes&nbsp;?<\/strong><\/p>\n\n\n\n<p>Un effet \u00ab&nbsp;bonne mine&nbsp;\u00bb d\u00e8s la fin de la premi\u00e8re s\u00e9ance&nbsp;! Le petit surnom du shiatsu du visage est \u00ab&nbsp;<strong>lifting japonais<\/strong>&nbsp;\u00bb&nbsp;!<\/p>\n\n\n\n<p>Si vous \u00eates stress\u00e9e, les muscles de votre visage vont se crisper. Au fil du temps, des rides, des traits marqu\u00e9s vont venir s&#8217;inscrire sur votre front, autour des yeux&#8230; C&#8217;est un exc\u00e8s de \u00ab&nbsp;Qi&nbsp;\u00bb (nom de l&#8217;\u00e9nergie vitale en chinois, se prononce \u00ab&nbsp;tchi&nbsp;\u00bb). Le but de ce massage est de venir r\u00e9-\u00e9quilibrer cette \u00e9nergie, de la faire circuler.<\/p>\n\n\n\n<p>Ce massage va aider \u00e0 d\u00e9froisser les traits de votre visage, \u00e0 am\u00e9liorer de votre circulation sanguine dans cette zone, qui aura des r\u00e9percussions sur l&#8217;ensemble de votre corps (et esprit !).<\/p>\n\n\n\n<p>C&#8217;est un excellent moyen pour acc\u00e9der \u00e0 la d\u00e9tente, un alli\u00e9 suppl\u00e9mentaire pour combattre l&#8217;insomnie et le stress, et peut \u00e9galement vous aider \u00e0 soulager vos maux de t\u00eate g\u00e9n\u00e9r\u00e9s par la tension.<\/p>\n\n\n\n<p>Effectu\u00e9 r\u00e9guli\u00e8rement, il permet de lisser la peau, la rendre plus \u00e9clatante. Il participe \u00e0 ralentir le processus de vieillissement.<\/p>\n\n\n\n<p>Ce n&#8217;est pas juste un massage, c&#8217;est une v\u00e9ritable symphonie de bien-\u00eatre pour votre visage et votre esprit !<\/p>\n\n\n\n<p><strong>Le saviez-vous&nbsp;?<\/strong><\/p>\n\n\n\n<p>M\u00eame en stimulant des points de m\u00e9ridiens sur une partie localis\u00e9e du corps (ici la t\u00eate), l&#8217;information remonte ou redescend sur tout le parcours dudit m\u00e9ridien travaill\u00e9.<\/p>\n\n\n\n<p><strong>L&#8217;essayer, c&#8217;est l&#8217;adopter&nbsp;!<\/strong><\/p>\n\n\n\n<p>Tarif&nbsp;: S\u00e9ance de 30 min&nbsp;: 30 \u20ac (pr\u00e9voir \u00bc h suppl\u00e9mentaire si vous voulez d\u00e9guster une tisane apr\u00e8s la s\u00e9ance).<\/p>\n\n\n\n<p>Cette s\u00e9ance bien-\u00eatre est encore plus b\u00e9n\u00e9fique lorsqu&#8217;elle est associ\u00e9e <a href=\"https:\/\/energies-et-moi.fr\/le-massage-assis\/\">au massage assis<\/a>. Pour toutes ces pratiques, vous gardez vos v\u00eatements (pr\u00e9voir des habits amples, permettant le mouvement)<\/p>\n\n\n\n<p><em>Contre-indications<\/em><\/p>\n\n\n\n<ul class=\"wp-block-list\">\n<li>si vous avez de la fi\u00e8vre<\/li>\n\n\n\n<li>si vous venez d&#8217;avoir une r\u00e9cente intervention chirurgicale<\/li>\n\n\n\n<li>si vous avez pris de l&#8217;alcool ou de la drogue<\/li>\n\n\n\n<li>si vous avez un cancer (sauf avis m\u00e9dical)<\/li>\n\n\n\n<li>si vous prenez certains m\u00e9dicaments (\u00e0 v\u00e9rifier avant avec votre m\u00e9decin)<\/li>\n\n\n\n<li>si vous avez du diab\u00e8te<\/li>\n\n\n\n<li>si vous \u00eates cardiaque<\/li>\n\n\n\n<li>si vous avez une maladie contagieuse<\/li>\n<\/ul>\n\n\n\n<p><strong>En aucun cas, vous ne devez modifier un traitement m\u00e9dical en cours.<\/strong><\/p>\n\n\n\n<p><\/p>\n","protected":false},"excerpt":{"rendered":"<p>Massage Shiatsu Visage et Cr\u00e2ne L&#8217;atout beaut\u00e9, effet \u00ab bonne mine \u00bb imm\u00e9diat ! Ah, le massage shiatsu du visage et du cr\u00e2ne&#8230; C&#8217;est comme offrir \u00e0 votre esprit un petit s\u00e9jour dans un spa cinq \u00e9toiles&nbsp;! Imaginez-vous, d\u00e9tendue, allong\u00e9e, pendant que des doigts experts s&#8217;occupent de chasser toutes vos tensions accumul\u00e9es. Comme si chacune&hellip;&nbsp;<a href=\"https:\/\/www.energies-et-moi.fr\/index.php\/massage-shiatsu-du-visage-et-crane\/\" rel=\"bookmark\"><span class=\"screen-reader-text\">Massage Shiatsu Visage et Cr\u00e2ne<\/span><\/a><\/p>\n","protected":false},"author":1,"featured_media":0,"parent":0,"menu_order":0,"comment_status":"closed","ping_status":"closed","template":"","meta":{"neve_meta_sidebar":"","neve_meta_container":"","neve_meta_enable_content_width":"","neve_meta_content_width":0,"neve_meta_title_alignment":"","neve_meta_author_avatar":"","neve_post_elements_order":"","neve_meta_disable_header":"","neve_meta_disable_footer":"","neve_meta_disable_title":"","footnotes":""},"class_list":["post-105","page","type-page","status-publish","hentry"],"_links":{"self":[{"href":"https:\/\/www.energies-et-moi.fr\/index.php\/wp-json\/wp\/v2\/pages\/105","targetHints":{"allow":["GET"]}}],"collection":[{"href":"https:\/\/www.energies-et-moi.fr\/index.php\/wp-json\/wp\/v2\/pages"}],"about":[{"href":"https:\/\/www.energies-et-moi.fr\/index.php\/wp-json\/wp\/v2\/types\/page"}],"author":[{"embeddable":true,"href":"https:\/\/www.energies-et-moi.fr\/index.php\/wp-json\/wp\/v2\/users\/1"}],"replies":[{"embeddable":true,"href":"https:\/\/www.energies-et-moi.fr\/index.php\/wp-json\/wp\/v2\/comments?post=105"}],"version-history":[{"count":3,"href":"https:\/\/www.energies-et-moi.fr\/index.php\/wp-json\/wp\/v2\/pages\/105\/revisions"}],"predecessor-version":[{"id":363,"href":"https:\/\/www.energies-et-moi.fr\/index.php\/wp-json\/wp\/v2\/pages\/105\/revisions\/363"}],"wp:attachment":[{"href":"https:\/\/www.energies-et-moi.fr\/index.php\/wp-json\/wp\/v2\/media?parent=105"}],"curies":[{"name":"wp","href":"https:\/\/api.w.org\/{rel}","templated":true}]}}