{"id":101,"date":"2025-11-30T23:57:18","date_gmt":"2025-11-30T23:57:18","guid":{"rendered":"https:\/\/ybkzpau.cluster121.hosting.ovh.net\/?page_id=101"},"modified":"2026-03-04T19:06:00","modified_gmt":"2026-03-04T19:06:00","slug":"massages-sos-dos-huile-amma-combine","status":"publish","type":"page","link":"https:\/\/www.energies-et-moi.fr\/index.php\/massages-sos-dos-huile-amma-combine\/","title":{"rendered":"Massages SOS Dos (Huile, Amma, Combin\u00e9)"},"content":{"rendered":"\n<h2 class=\"wp-block-heading\">Massages SOS Dos (Huile, Amma, Combin\u00e9)<\/h2>\n\n\n\n<p class=\"has-medium-font-size\"><strong>Vous en avez plein le dos, alors confiez-le moi&#8230;<\/strong><\/p>\n\n\n\n<p><\/p>\n\n\n\n<h2 class=\"wp-block-heading\"><strong>MASSAGE DOS A L&#8217;HUILE<\/strong><\/h2>\n\n\n\n<p>Pour prendre soin de votre dos, je ne l\u00e9sinerai pas sur l&#8217;huile de coude (ou de coco !) pour chasser contractures, tiraillements, n\u0153uds musculaires et autres squatteurs qui auraient \u00e9lus domicile sur cette zone. Un temps d&#8217;\u00e9vasion qui vous lib\u00e9rera des tensions musculaires et \u00e9motionnelles.<\/p>\n\n\n\n<p>30 minutes de p\u00e9trissages, d&#8217;\u00e9tirements, de frictions, de vibrations, de percussions, de compressions, de torsions du sacrum \u00e0 la nuque. Ne vous fiez pas \u00e0 ces termes qui peuvent aux premiers abords sembler barbares, en action, ils deviendront vos meilleurs amis !<\/p>\n\n\n\n<p><strong>Objectifs<\/strong><\/p>\n\n\n\n<ul class=\"wp-block-list\">\n<li>D\u00e9nouer les tensions<\/li>\n\n\n\n<li>D\u00e9tendre les muscles dorsaux<\/li>\n\n\n\n<li>Soulager les courbatures et contractions<\/li>\n\n\n\n<li>Oxyg\u00e9ner le corps et de stimuler la circulation sanguine<\/li>\n\n\n\n<li>Travailler en douceur sur votre 1er chakra<\/li>\n\n\n\n<li>Favoriser un bon sommeil **<\/li>\n<\/ul>\n\n\n\n<p>Une boisson froide ou infusion vous sera gracieusement servie en fin de s\u00e9ance pour continuer \u00e0 drainer les toxines. (pr\u00e9voir une heure entre la pr\u00e9paration, le modelage et la pause infusion)<\/p>\n\n\n\n<p>En cas d\u2019inflammation de la peau ou des articulations, d\u2019\u00e9ruptions cutan\u00e9es, d\u2019ecchymoses, d\u2019entorses, de d\u00e9chirures musculaires, de br\u00fblures, ce massage n&#8217;est pas conseill\u00e9. De m\u00eame, si vous ne pouvez pas \u00eatre en position allong\u00e9e sur le ventre (pas de souci, le massage sur chaise ergonomique vous apportera autant de bienfaits !).<\/p>\n\n\n\n<p>** Cette prestation a comme intention et finalit\u00e9 le bien-\u00eatre et ne s&#8217;apparente en rien, ni dans son contenu, ni dans ses objectifs, \u00e0 la pratique de la kin\u00e9sith\u00e9rapie, l&#8217;ost\u00e9opathie ou d&#8217;un traitement th\u00e9rapeutique et m\u00e9dical. Je m\u2019engage \u00e0 respecter l\u2019intimit\u00e9 et la pudeur de la personne mass\u00e9e en toutes circonstances avec bienveillance. Aucun massage sexuel n\u2019est propos\u00e9.<\/p>\n\n\n\n<p>Tarif : la s\u00e9ance de 30 minutes : 35 \u20ac<br><\/p>\n\n\n\n<h2 class=\"wp-block-heading\">MASSAGE AMMA (SUR FAUTEUIL ERGONOMIQUE, SUR HABITS)<\/h2>\n\n\n\n<p>Vous r\u00eavez de vous faire masser mais votre timidit\u00e9 et\/ou votre pudeur,&nbsp; vous en emp\u00eache ? Alors, vous allez adorer le massage assis, vous aurez tous les bienfaits d&#8217;un massage traditionnel (d\u00e9tente, rel\u00e2chement des tensions corporelles, effacement des courbatures, &#8230;) en gardant vos v\u00eatements sur vous.<\/p>\n\n\n\n<p>Ce massage utilise des m\u00e9thodes d&#8217;\u00e9tirements, de percussions, des pressions sur le haut du corps (dos, nuque, \u00e9paules, bras, mains, t\u00eate).<\/p>\n\n\n\n<p>Je peux \u00e9ventuellement me d\u00e9placer chez vous, si vous habitez proche de chez moi et avez des difficult\u00e9s pour vous mouvoir (me consulter auparavant, frais de d\u00e9placement en sus).<\/p>\n\n\n\n<p>S\u00e9ance de 20 min : 25 \u20ac &#8211; S\u00e9ance de 30 min : 30 \u20ac<\/p>\n\n\n\n<h2 class=\"wp-block-heading\">MASSAGE DOS COMBINE (MASSAGE AMMA + MASSAGE HUILE)<\/h2>\n\n\n\n<p>Vous h\u00e9sitez encore entre les bienfaits du Massage Assis, et ceux du massage \u00e0 l&#8217;huile ?&nbsp; Vous voulez la cr\u00e8me de la cr\u00e8me pour votre pauvre dos ? Comme je vous comprends, les deux sont tentants ! Avec le Combin\u00e9, fini le dilemme du choix, il vous permettra de go\u00fbter \u00e0 ces deux pratiques lors de la m\u00eame s\u00e9ance ! Pendant une heure, je vous chouchouterai sur chaise ergonomique puis, sur la table de massage.<\/p>\n\n\n\n<p>Merci de pr\u00e9voir un pantalon souple, style jogging ou legging pour la s\u00e9ance sur la chaise. Vous pourrez vous changer sur place si vous voulez.<\/p>\n\n\n\n<p>Une tisane vous sera offerte apr\u00e8s la s\u00e9ance pour terminer votre phase d&#8217;atterrissage ! Veillez \u00e0 ne pas avoir un programme trop charg\u00e9 apr\u00e8s le massage, un bon livre, une bonne s\u00e9rie, voil\u00e0 qui serait impeccable !<\/p>\n\n\n\n<p>Tarif : la s\u00e9ance d&#8217;e 30 minutes &#8216;1 h : 65 \u20ac<\/p>\n\n\n\n<p><\/p>\n","protected":false},"excerpt":{"rendered":"<p>Massages SOS Dos (Huile, Amma, Combin\u00e9) Vous en avez plein le dos, alors confiez-le moi&#8230; MASSAGE DOS A L&#8217;HUILE Pour prendre soin de votre dos, je ne l\u00e9sinerai pas sur l&#8217;huile de coude (ou de coco !) pour chasser contractures, tiraillements, n\u0153uds musculaires et autres squatteurs qui auraient \u00e9lus domicile sur cette zone. Un temps&hellip;&nbsp;<a href=\"https:\/\/www.energies-et-moi.fr\/index.php\/massages-sos-dos-huile-amma-combine\/\" rel=\"bookmark\"><span class=\"screen-reader-text\">Massages SOS Dos (Huile, Amma, Combin\u00e9)<\/span><\/a><\/p>\n","protected":false},"author":1,"featured_media":0,"parent":0,"menu_order":0,"comment_status":"closed","ping_status":"closed","template":"","meta":{"neve_meta_sidebar":"","neve_meta_container":"","neve_meta_enable_content_width":"","neve_meta_content_width":0,"neve_meta_title_alignment":"","neve_meta_author_avatar":"","neve_post_elements_order":"","neve_meta_disable_header":"","neve_meta_disable_footer":"","neve_meta_disable_title":"","footnotes":""},"class_list":["post-101","page","type-page","status-publish","hentry"],"_links":{"self":[{"href":"https:\/\/www.energies-et-moi.fr\/index.php\/wp-json\/wp\/v2\/pages\/101","targetHints":{"allow":["GET"]}}],"collection":[{"href":"https:\/\/www.energies-et-moi.fr\/index.php\/wp-json\/wp\/v2\/pages"}],"about":[{"href":"https:\/\/www.energies-et-moi.fr\/index.php\/wp-json\/wp\/v2\/types\/page"}],"author":[{"embeddable":true,"href":"https:\/\/www.energies-et-moi.fr\/index.php\/wp-json\/wp\/v2\/users\/1"}],"replies":[{"embeddable":true,"href":"https:\/\/www.energies-et-moi.fr\/index.php\/wp-json\/wp\/v2\/comments?post=101"}],"version-history":[{"count":4,"href":"https:\/\/www.energies-et-moi.fr\/index.php\/wp-json\/wp\/v2\/pages\/101\/revisions"}],"predecessor-version":[{"id":366,"href":"https:\/\/www.energies-et-moi.fr\/index.php\/wp-json\/wp\/v2\/pages\/101\/revisions\/366"}],"wp:attachment":[{"href":"https:\/\/www.energies-et-moi.fr\/index.php\/wp-json\/wp\/v2\/media?parent=101"}],"curies":[{"name":"wp","href":"https:\/\/api.w.org\/{rel}","templated":true}]}}